{"id":46,"date":"2024-04-24T07:34:19","date_gmt":"2024-04-24T07:34:19","guid":{"rendered":"https:\/\/eskadiag.com\/?page_id=46"},"modified":"2025-11-12T16:03:47","modified_gmt":"2025-11-12T13:33:47","slug":"home","status":"publish","type":"page","link":"https:\/\/eskadiag.com\/hu\/","title":{"rendered":"kezd\u0151oldal"},"content":{"rendered":"<div data-elementor-type=\"wp-page\" data-elementor-id=\"46\" class=\"elementor elementor-46\" data-elementor-post-type=\"page\">\n\t\t\t\t<div class=\"elementor-element elementor-element-c593e71 e-flex e-con-boxed e-con e-parent\" data-id=\"c593e71\" data-element_type=\"container\">\n\t\t\t\t\t<div class=\"e-con-inner\">\n\t\t<div class=\"elementor-element elementor-element-2789ec4 e-con-full e-flex e-con e-child\" data-id=\"2789ec4\" data-element_type=\"container\">\n\t\t\t\t<div class=\"elementor-element elementor-element-4639f40 elementor-widget elementor-widget-heading\" data-id=\"4639f40\" data-element_type=\"widget\" data-widget_type=\"heading.default\">\n\t\t\t\t<div class=\"elementor-widget-container\">\n\t\t\t<style>\/*! elementor - v3.23.0 - 15-07-2024 *\/\n.elementor-heading-title{padding:0;margin:0;line-height:1}.elementor-widget-heading .elementor-heading-title[class*=elementor-size-]>a{color:inherit;font-size:inherit;line-height:inherit}.elementor-widget-heading .elementor-heading-title.elementor-size-small{font-size:15px}.elementor-widget-heading .elementor-heading-title.elementor-size-medium{font-size:19px}.elementor-widget-heading .elementor-heading-title.elementor-size-large{font-size:29px}.elementor-widget-heading .elementor-heading-title.elementor-size-xl{font-size:39px}.elementor-widget-heading .elementor-heading-title.elementor-size-xxl{font-size:59px}<\/style><span class=\"elementor-heading-title elementor-size-default\">FONTOS SZ\u00c1MUNKRA AZ EG\u00c9SZS\u00c9G\u00dcGY<\/span>\t\t<\/div>\n\t\t\t\t<\/div>\n\t\t\t\t<div class=\"elementor-element elementor-element-636502a elementor-widget elementor-widget-image\" data-id=\"636502a\" data-element_type=\"widget\" data-widget_type=\"image.default\">\n\t\t\t\t<div class=\"elementor-widget-container\">\n\t\t\t<style>\/*! elementor - v3.23.0 - 15-07-2024 *\/\n.elementor-widget-image{text-align:center}.elementor-widget-image a{display:inline-block}.elementor-widget-image a img[src$=\".svg\"]{width:48px}.elementor-widget-image img{vertical-align:middle;display:inline-block}<\/style>\t\t\t\t\t\t\t\t\t\t<img fetchpriority=\"high\" decoding=\"async\" width=\"536\" height=\"210\" src=\"https:\/\/eskadiag.com\/wp-content\/uploads\/2024\/04\/Medical-Products-01-01.svg\" class=\"attachment-large size-large wp-image-78\" alt=\"\" \/>\t\t\t\t\t\t\t\t\t\t\t\t\t<\/div>\n\t\t\t\t<\/div>\n\t\t\t\t<div class=\"elementor-element elementor-element-3497e83 elementor-icon-list--layout-traditional elementor-list-item-link-full_width elementor-widget elementor-widget-icon-list\" data-id=\"3497e83\" data-element_type=\"widget\" data-widget_type=\"icon-list.default\">\n\t\t\t\t<div class=\"elementor-widget-container\">\n\t\t\t<link rel=\"stylesheet\" href=\"https:\/\/eskadiag.com\/wp-content\/plugins\/elementor\/assets\/css\/widget-icon-list.min.css\">\t\t<ul class=\"elementor-icon-list-items\">\n\t\t\t\t\t\t\t<li class=\"elementor-icon-list-item\">\n\t\t\t\t\t\t\t\t\t\t\t<span class=\"elementor-icon-list-icon\">\n\t\t\t\t\t\t\t<svg aria-hidden=\"true\" class=\"e-font-icon-svg e-fas-check\" viewbox=\"0 0 512 512\" xmlns=\"http:\/\/www.w3.org\/2000\/svg\"><path d=\"M173.898 439.404l-166.4-166.4c-9.997-9.997-9.997-26.206 0-36.204l36.203-36.204c9.997-9.998 26.207-9.998 36.204 0L192 312.69 432.095 72.596c9.997-9.997 26.207-9.997 36.204 0l36.203 36.204c9.997 9.997 9.997 26.206 0 36.204l-294.4 294.401c-9.998 9.997-26.207 9.997-36.204-.001z\"><\/path><\/svg>\t\t\t\t\t\t<\/span>\n\t\t\t\t\t\t\t\t\t\t<span class=\"elementor-icon-list-text\">Magasan sk\u00e1l\u00e1zhat\u00f3 er\u0151forr\u00e1sok<\/span>\n\t\t\t\t\t\t\t\t\t<\/li>\n\t\t\t\t\t\t\t\t<li class=\"elementor-icon-list-item\">\n\t\t\t\t\t\t\t\t\t\t\t<span class=\"elementor-icon-list-icon\">\n\t\t\t\t\t\t\t<svg aria-hidden=\"true\" class=\"e-font-icon-svg e-fas-check\" viewbox=\"0 0 512 512\" xmlns=\"http:\/\/www.w3.org\/2000\/svg\"><path d=\"M173.898 439.404l-166.4-166.4c-9.997-9.997-9.997-26.206 0-36.204l36.203-36.204c9.997-9.998 26.207-9.998 36.204 0L192 312.69 432.095 72.596c9.997-9.997 26.207-9.997 36.204 0l36.203 36.204c9.997 9.997 9.997 26.206 0 36.204l-294.4 294.401c-9.998 9.997-26.207 9.997-36.204-.001z\"><\/path><\/svg>\t\t\t\t\t\t<\/span>\n\t\t\t\t\t\t\t\t\t\t<span class=\"elementor-icon-list-text\">Fix k\u00f6lts\u00e9gvet\u00e9s \u00e9s el\u0151rejelezhet\u0151 id\u0151keret<\/span>\n\t\t\t\t\t\t\t\t\t<\/li>\n\t\t\t\t\t\t\t\t<li class=\"elementor-icon-list-item\">\n\t\t\t\t\t\t\t\t\t\t\t<span class=\"elementor-icon-list-icon\">\n\t\t\t\t\t\t\t<svg aria-hidden=\"true\" class=\"e-font-icon-svg e-fas-check\" viewbox=\"0 0 512 512\" xmlns=\"http:\/\/www.w3.org\/2000\/svg\"><path d=\"M173.898 439.404l-166.4-166.4c-9.997-9.997-9.997-26.206 0-36.204l36.203-36.204c9.997-9.998 26.207-9.998 36.204 0L192 312.69 432.095 72.596c9.997-9.997 26.207-9.997 36.204 0l36.203 36.204c9.997 9.997 9.997 26.206 0 36.204l-294.4 294.401c-9.998 9.997-26.207 9.997-36.204-.001z\"><\/path><\/svg>\t\t\t\t\t\t<\/span>\n\t\t\t\t\t\t\t\t\t\t<span class=\"elementor-icon-list-text\">Rugalmas csapat, amely az \u00d6n ig\u00e9nyei szerint van \u00f6ssze\u00e1ll\u00edtva<\/span>\n\t\t\t\t\t\t\t\t\t<\/li>\n\t\t\t\t\t\t<\/ul>\n\t\t\t\t<\/div>\n\t\t\t\t<\/div>\n\t\t\t\t<div class=\"elementor-element elementor-element-2ab012d elementor-widget elementor-widget-button\" data-id=\"2ab012d\" data-element_type=\"widget\" data-widget_type=\"button.default\">\n\t\t\t\t<div class=\"elementor-widget-container\">\n\t\t\t\t\t<div class=\"elementor-button-wrapper\">\n\t\t\t<a class=\"elementor-button elementor-button-link elementor-size-sm\" href=\"\/hu\/products\/\">\n\t\t\t\t\t\t<span class=\"elementor-button-content-wrapper\">\n\t\t\t\t\t\t<span class=\"elementor-button-icon\">\n\t\t\t\t<svg xmlns=\"http:\/\/www.w3.org\/2000\/svg\" width=\"18\" height=\"12\" viewbox=\"0 0 18 12\" fill=\"none\"><path d=\"M3.0215 5.99997C3.0215 5.3828 2.52119 4.88249 1.90402 4.88249C1.28686 4.88249 0.786545 5.3828 0.786545 5.99997C0.786545 6.61714 1.28686 7.11745 1.90402 7.11745C2.52119 7.11745 3.0215 6.61713 3.0215 5.99997Z\" fill=\"white\"><\/path><path fill-rule=\"evenodd\" clip-rule=\"evenodd\" d=\"M4.13898 6.00001C4.13898 5.47542 4.56425 5.05015 5.08884 5.05015L13.9705 5.05015L11.1221 2.20174C10.7511 1.8308 10.7511 1.22938 11.1221 0.858438C11.493 0.487495 12.0944 0.487495 12.4654 0.858437L16.9353 5.32836C17.3062 5.6993 17.3062 6.30072 16.9353 6.67166L12.4654 11.1416C12.0944 11.5125 11.493 11.5125 11.1221 11.1416C10.7511 10.7706 10.7511 10.1692 11.1221 9.79828L13.9705 6.94987L5.08884 6.94987C4.56425 6.94987 4.13898 6.5246 4.13898 6.00001Z\" fill=\"white\"><\/path><\/svg>\t\t\t<\/span>\n\t\t\t\t\t\t\t\t\t<span class=\"elementor-button-text\">Ismerje meg term\u00e9keinket<\/span>\n\t\t\t\t\t<\/span>\n\t\t\t\t\t<\/a>\n\t\t<\/div>\n\t\t\t\t<\/div>\n\t\t\t\t<\/div>\n\t\t\t\t<\/div>\n\t\t<div class=\"elementor-element elementor-element-2b97a2e e-con-full e-flex e-con e-child\" data-id=\"2b97a2e\" data-element_type=\"container\">\n\t\t\t\t<div class=\"elementor-element elementor-element-bccf4db elementor-invisible elementor-widget elementor-widget-image\" data-id=\"bccf4db\" data-element_type=\"widget\" data-settings=\"{&quot;_animation&quot;:&quot;fadeInDown&quot;}\" data-widget_type=\"image.default\">\n\t\t\t\t<div class=\"elementor-widget-container\">\n\t\t\t\t\t\t\t\t\t\t\t\t\t<img decoding=\"async\" width=\"1688\" height=\"938\" src=\"https:\/\/eskadiag.com\/wp-content\/uploads\/2024\/04\/2-new.jpg\" class=\"attachment-full size-full wp-image-452\" alt=\"\" srcset=\"https:\/\/eskadiag.com\/wp-content\/uploads\/2024\/04\/2-new.jpg 1688w, https:\/\/eskadiag.com\/wp-content\/uploads\/2024\/04\/2-new-300x167.jpg 300w, https:\/\/eskadiag.com\/wp-content\/uploads\/2024\/04\/2-new-1024x569.jpg 1024w, https:\/\/eskadiag.com\/wp-content\/uploads\/2024\/04\/2-new-768x427.jpg 768w, https:\/\/eskadiag.com\/wp-content\/uploads\/2024\/04\/2-new-1536x854.jpg 1536w\" sizes=\"(max-width: 1688px) 100vw, 1688px\" \/>\t\t\t\t\t\t\t\t\t\t\t\t\t<\/div>\n\t\t\t\t<\/div>\n\t\t<div class=\"elementor-element elementor-element-049a186 elementor-hidden-tablet elementor-hidden-mobile e-flex e-con-boxed e-con e-child\" data-id=\"049a186\" data-element_type=\"container\">\n\t\t\t\t\t<div class=\"e-con-inner\">\n\t\t\t\t<div class=\"elementor-element elementor-element-26422cd elementor-invisible elementor-widget elementor-widget-image\" data-id=\"26422cd\" data-element_type=\"widget\" data-settings=\"{&quot;_animation&quot;:&quot;fadeInLeft&quot;,&quot;_animation_delay&quot;:300}\" data-widget_type=\"image.default\">\n\t\t\t\t<div class=\"elementor-widget-container\">\n\t\t\t\t\t\t\t\t\t\t\t\t\t<img decoding=\"async\" width=\"800\" height=\"600\" src=\"https:\/\/eskadiag.com\/wp-content\/uploads\/2025\/11\/20250101_154114.webp\" class=\"attachment-large size-large wp-image-577\" alt=\"\" srcset=\"https:\/\/eskadiag.com\/wp-content\/uploads\/2025\/11\/20250101_154114.webp 1000w, https:\/\/eskadiag.com\/wp-content\/uploads\/2025\/11\/20250101_154114-300x225.webp 300w, https:\/\/eskadiag.com\/wp-content\/uploads\/2025\/11\/20250101_154114-768x576.webp 768w, https:\/\/eskadiag.com\/wp-content\/uploads\/2025\/11\/20250101_154114-16x12.webp 16w\" sizes=\"(max-width: 800px) 100vw, 800px\" \/>\t\t\t\t\t\t\t\t\t\t\t\t\t<\/div>\n\t\t\t\t<\/div>\n\t\t\t\t<div class=\"elementor-element elementor-element-fb6da0e elementor-invisible elementor-widget elementor-widget-image\" data-id=\"fb6da0e\" data-element_type=\"widget\" data-settings=\"{&quot;_animation&quot;:&quot;fadeInRight&quot;,&quot;_animation_delay&quot;:600}\" data-widget_type=\"image.default\">\n\t\t\t\t<div class=\"elementor-widget-container\">\n\t\t\t\t\t\t\t\t\t\t\t\t\t<img loading=\"lazy\" decoding=\"async\" width=\"540\" height=\"300\" src=\"https:\/\/eskadiag.com\/wp-content\/uploads\/2024\/04\/2.jpg\" class=\"attachment-large size-large wp-image-311\" alt=\"\" srcset=\"https:\/\/eskadiag.com\/wp-content\/uploads\/2024\/04\/2.jpg 540w, https:\/\/eskadiag.com\/wp-content\/uploads\/2024\/04\/2-300x167.jpg 300w\" sizes=\"(max-width: 540px) 100vw, 540px\" \/>\t\t\t\t\t\t\t\t\t\t\t\t\t<\/div>\n\t\t\t\t<\/div>\n\t\t\t\t\t<\/div>\n\t\t\t\t<\/div>\n\t\t\t\t<\/div>\n\t\t\t\t\t<\/div>\n\t\t\t\t<\/div>\n\t\t<div class=\"elementor-element elementor-element-8120b58 e-flex e-con-boxed e-con e-parent\" data-id=\"8120b58\" data-element_type=\"container\">\n\t\t\t\t\t<div class=\"e-con-inner\">\n\t\t<div class=\"elementor-element elementor-element-c8c1137 e-con-full e-flex e-con e-child\" data-id=\"c8c1137\" data-element_type=\"container\">\n\t\t\t\t<div class=\"elementor-element elementor-element-158e246 elementor-flip-box--3d elementor-flip-box--effect-flip elementor-flip-box--direction-up elementor-widget elementor-widget-flip-box\" data-id=\"158e246\" data-element_type=\"widget\" data-widget_type=\"flip-box.default\">\n\t\t\t\t<div class=\"elementor-widget-container\">\n\t\t\t<link rel=\"stylesheet\" href=\"https:\/\/eskadiag.com\/wp-content\/plugins\/elementor-pro\/assets\/css\/widget-flip-box.min.css?ver=1721205840\">\t\t<div class=\"elementor-flip-box\" tabindex=\"0\">\n\t\t\t<div class=\"elementor-flip-box__layer elementor-flip-box__front\">\n\t\t\t\t<div class=\"elementor-flip-box__layer__overlay\">\n\t\t\t\t\t<div class=\"elementor-flip-box__layer__inner\">\n\t\t\t\t\t\t\n\t\t\t\t\t\t\t\t\t\t\t\t\t<h3 class=\"elementor-flip-box__layer__title\">\n\t\t\t\t\t\t\t\t Orvosi <br> Felszerel\u00e9s\t\t\t\t\t\t\t<\/h3>\n\t\t\t\t\t\t\n\t\t\t\t\t\t\t\t\t\t\t\t\t<div class=\"elementor-flip-box__layer__description\">\n\t\t\t\t\t\t\t\tKATTINTSON IDE\t\t\t\t\t\t\t<\/div>\n\t\t\t\t\t\t\t\t\t\t\t<\/div>\n\t\t\t\t<\/div>\n\t\t\t<\/div>\n\t\t\t<a class=\"elementor-flip-box__layer elementor-flip-box__back\" href=\"\/hu\/product-category\/medical-equipment\/\">\n\t\t\t<div class=\"elementor-flip-box__layer__overlay\">\n\t\t\t\t<div class=\"elementor-flip-box__layer__inner\">\n\t\t\t\t\t\n\t\t\t\t\t\n\t\t\t\t\t\t\t\t\t\t\t<span class=\"elementor-flip-box__button elementor-button elementor-size-sm\">\n\t\t\t\t\t\t\tterm\u00e9kek megjelen\u00edt\u00e9se\t\t\t\t\t\t<\/span>\n\t\t\t\t\t\t\t\t<\/div>\n\t\t<\/div>\n\t\t<\/a>\n\t\t<\/div>\n\t\t\t\t<\/div>\n\t\t\t\t<\/div>\n\t\t\t\t<\/div>\n\t\t<div class=\"elementor-element elementor-element-fffb863 e-con-full e-flex e-con e-child\" data-id=\"fffb863\" data-element_type=\"container\">\n\t\t\t\t<div class=\"elementor-element elementor-element-8e97881 elementor-flip-box--3d elementor-flip-box--effect-flip elementor-flip-box--direction-up elementor-widget elementor-widget-flip-box\" data-id=\"8e97881\" data-element_type=\"widget\" data-widget_type=\"flip-box.default\">\n\t\t\t\t<div class=\"elementor-widget-container\">\n\t\t\t\t\t<div class=\"elementor-flip-box\" tabindex=\"0\">\n\t\t\t<div class=\"elementor-flip-box__layer elementor-flip-box__front\">\n\t\t\t\t<div class=\"elementor-flip-box__layer__overlay\">\n\t\t\t\t\t<div class=\"elementor-flip-box__layer__inner\">\n\t\t\t\t\t\t\n\t\t\t\t\t\t\t\t\t\t\t\t\t<h3 class=\"elementor-flip-box__layer__title\">\n\t\t\t\t\t\t\t\t Orvosi <br> Eldobhat\u00f3\t\t\t\t\t\t\t<\/h3>\n\t\t\t\t\t\t\n\t\t\t\t\t\t\t\t\t\t\t\t\t<div class=\"elementor-flip-box__layer__description\">\n\t\t\t\t\t\t\t\tKATTINTSON IDE\t\t\t\t\t\t\t<\/div>\n\t\t\t\t\t\t\t\t\t\t\t<\/div>\n\t\t\t\t<\/div>\n\t\t\t<\/div>\n\t\t\t<a class=\"elementor-flip-box__layer elementor-flip-box__back\" href=\"\/hu\/product-category\/medical-disposable\/\">\n\t\t\t<div class=\"elementor-flip-box__layer__overlay\">\n\t\t\t\t<div class=\"elementor-flip-box__layer__inner\">\n\t\t\t\t\t\n\t\t\t\t\t\n\t\t\t\t\t\t\t\t\t\t\t<span class=\"elementor-flip-box__button elementor-button elementor-size-sm\">\n\t\t\t\t\t\t\tterm\u00e9kek megjelen\u00edt\u00e9se\t\t\t\t\t\t<\/span>\n\t\t\t\t\t\t\t\t<\/div>\n\t\t<\/div>\n\t\t<\/a>\n\t\t<\/div>\n\t\t\t\t<\/div>\n\t\t\t\t<\/div>\n\t\t\t\t<\/div>\n\t\t<div class=\"elementor-element elementor-element-7a0e035 e-con-full e-flex e-con e-child\" data-id=\"7a0e035\" data-element_type=\"container\">\n\t\t\t\t<div class=\"elementor-element elementor-element-b2fde78 elementor-flip-box--3d elementor-flip-box--effect-flip elementor-flip-box--direction-up elementor-widget elementor-widget-flip-box\" data-id=\"b2fde78\" data-element_type=\"widget\" data-widget_type=\"flip-box.default\">\n\t\t\t\t<div class=\"elementor-widget-container\">\n\t\t\t\t\t<div class=\"elementor-flip-box\" tabindex=\"0\">\n\t\t\t<div class=\"elementor-flip-box__layer elementor-flip-box__front\">\n\t\t\t\t<div class=\"elementor-flip-box__layer__overlay\">\n\t\t\t\t\t<div class=\"elementor-flip-box__layer__inner\">\n\t\t\t\t\t\t\n\t\t\t\t\t\t\t\t\t\t\t\t\t<h3 class=\"elementor-flip-box__layer__title\">\n\t\t\t\t\t\t\t\tB\u0151r\u00e1pol\u00e1s<br> Term\u00e9kek\t\t\t\t\t\t\t<\/h3>\n\t\t\t\t\t\t\n\t\t\t\t\t\t\t\t\t\t\t\t\t<div class=\"elementor-flip-box__layer__description\">\n\t\t\t\t\t\t\t\tKATTINTSON IDE\t\t\t\t\t\t\t<\/div>\n\t\t\t\t\t\t\t\t\t\t\t<\/div>\n\t\t\t\t<\/div>\n\t\t\t<\/div>\n\t\t\t<a class=\"elementor-flip-box__layer elementor-flip-box__back\" href=\"\/hu\/product-category\/skin-care\/\">\n\t\t\t<div class=\"elementor-flip-box__layer__overlay\">\n\t\t\t\t<div class=\"elementor-flip-box__layer__inner\">\n\t\t\t\t\t\n\t\t\t\t\t\n\t\t\t\t\t\t\t\t\t\t\t<span class=\"elementor-flip-box__button elementor-button elementor-size-sm\">\n\t\t\t\t\t\t\tterm\u00e9kek megjelen\u00edt\u00e9se\t\t\t\t\t\t<\/span>\n\t\t\t\t\t\t\t\t<\/div>\n\t\t<\/div>\n\t\t<\/a>\n\t\t<\/div>\n\t\t\t\t<\/div>\n\t\t\t\t<\/div>\n\t\t\t\t<\/div>\n\t\t\t\t\t<\/div>\n\t\t\t\t<\/div>\n\t\t\t\t<\/div>","protected":false},"excerpt":{"rendered":"<p>WE CARE ABOUT HEALTH CARE Highly scalable resources Fixed budget and predictable timeframe Flexible team built to your requirements Explore our products Medical Equipment CLICK HERE show products Medical Disposable CLICK HERE show products Skin Care Products CLICK HERE show products<\/p>","protected":false},"author":2,"featured_media":0,"parent":0,"menu_order":0,"comment_status":"closed","ping_status":"closed","template":"","meta":{"footnotes":""},"class_list":["post-46","page","type-page","status-publish","hentry"],"yoast_head":"<!-- This site is optimized with the Yoast SEO plugin v23.0 - https:\/\/yoast.com\/wordpress\/plugins\/seo\/ -->\n<title>Home - Eska Diagnostics<\/title>\n<meta name=\"robots\" content=\"index, follow, max-snippet:-1, max-image-preview:large, max-video-preview:-1\" \/>\n<link rel=\"canonical\" href=\"https:\/\/eskadiag.com\/hu\/\" \/>\n<meta property=\"og:locale\" content=\"hu_HU\" \/>\n<meta property=\"og:type\" content=\"article\" \/>\n<meta property=\"og:title\" content=\"Home - Eska Diagnostics\" \/>\n<meta property=\"og:description\" content=\"WE CARE ABOUT HEALTH CARE Highly scalable resources Fixed budget and predictable timeframe Flexible team built to your requirements Explore our products Medical Equipment CLICK HERE show products Medical Disposable CLICK HERE show products Skin Care Products CLICK HERE show products\" \/>\n<meta property=\"og:url\" content=\"https:\/\/eskadiag.com\/hu\/\" \/>\n<meta property=\"og:site_name\" content=\"Eska Diagnostics\" \/>\n<meta property=\"article:modified_time\" content=\"2025-11-12T13:33:47+00:00\" \/>\n<meta property=\"og:image\" content=\"https:\/\/eskadiag.com\/wp-content\/uploads\/2024\/04\/Medical-Products.svg\" \/>\n<meta name=\"twitter:card\" content=\"summary_large_image\" \/>\n<meta name=\"twitter:label1\" content=\"Becs\u00fclt olvas\u00e1si id\u0151\" \/>\n\t<meta name=\"twitter:data1\" content=\"1 perc\" \/>\n<script type=\"application\/ld+json\" class=\"yoast-schema-graph\">{\"@context\":\"https:\/\/schema.org\",\"@graph\":[{\"@type\":\"WebPage\",\"@id\":\"https:\/\/eskadiag.com\/\",\"url\":\"https:\/\/eskadiag.com\/\",\"name\":\"Home - Eska Diagnostics\",\"isPartOf\":{\"@id\":\"https:\/\/eskadiag.com\/#website\"},\"primaryImageOfPage\":{\"@id\":\"https:\/\/eskadiag.com\/#primaryimage\"},\"image\":{\"@id\":\"https:\/\/eskadiag.com\/#primaryimage\"},\"thumbnailUrl\":\"https:\/\/eskadiag.com\/wp-content\/uploads\/2024\/04\/Medical-Products.svg\",\"datePublished\":\"2024-04-24T07:34:19+00:00\",\"dateModified\":\"2025-11-12T13:33:47+00:00\",\"breadcrumb\":{\"@id\":\"https:\/\/eskadiag.com\/#breadcrumb\"},\"inLanguage\":\"hu\",\"potentialAction\":[{\"@type\":\"ReadAction\",\"target\":[\"https:\/\/eskadiag.com\/\"]}]},{\"@type\":\"ImageObject\",\"inLanguage\":\"hu\",\"@id\":\"https:\/\/eskadiag.com\/#primaryimage\",\"url\":\"https:\/\/eskadiag.com\/wp-content\/uploads\/2024\/04\/Medical-Products.svg\",\"contentUrl\":\"https:\/\/eskadiag.com\/wp-content\/uploads\/2024\/04\/Medical-Products.svg\"},{\"@type\":\"BreadcrumbList\",\"@id\":\"https:\/\/eskadiag.com\/#breadcrumb\",\"itemListElement\":[{\"@type\":\"ListItem\",\"position\":1,\"name\":\"Home\",\"item\":\"https:\/\/eskadiag.com\/\"},{\"@type\":\"ListItem\",\"position\":2,\"name\":\"Home\"}]},{\"@type\":\"WebSite\",\"@id\":\"https:\/\/eskadiag.com\/#website\",\"url\":\"https:\/\/eskadiag.com\/\",\"name\":\"Eska Diagnostics\",\"description\":\"\",\"publisher\":{\"@id\":\"https:\/\/eskadiag.com\/#organization\"},\"potentialAction\":[{\"@type\":\"SearchAction\",\"target\":{\"@type\":\"EntryPoint\",\"urlTemplate\":\"https:\/\/eskadiag.com\/?s={search_term_string}\"},\"query-input\":\"required name=search_term_string\"}],\"inLanguage\":\"hu\"},{\"@type\":\"Organization\",\"@id\":\"https:\/\/eskadiag.com\/#organization\",\"name\":\"Eska Diagnostics\",\"url\":\"https:\/\/eskadiag.com\/\",\"logo\":{\"@type\":\"ImageObject\",\"inLanguage\":\"hu\",\"@id\":\"https:\/\/eskadiag.com\/#\/schema\/logo\/image\/\",\"url\":\"https:\/\/eskadiag.com\/wp-content\/uploads\/2024\/04\/logo-new.png\",\"contentUrl\":\"https:\/\/eskadiag.com\/wp-content\/uploads\/2024\/04\/logo-new.png\",\"width\":1080,\"height\":353,\"caption\":\"Eska Diagnostics\"},\"image\":{\"@id\":\"https:\/\/eskadiag.com\/#\/schema\/logo\/image\/\"}}]}<\/script>\n<!-- \/ Yoast SEO plugin. -->","yoast_head_json":{"title":"Home - Eska Diagnostics","robots":{"index":"index","follow":"follow","max-snippet":"max-snippet:-1","max-image-preview":"max-image-preview:large","max-video-preview":"max-video-preview:-1"},"canonical":"https:\/\/eskadiag.com\/hu\/","og_locale":"hu_HU","og_type":"article","og_title":"Home - Eska Diagnostics","og_description":"WE CARE ABOUT HEALTH CARE Highly scalable resources Fixed budget and predictable timeframe Flexible team built to your requirements Explore our products Medical Equipment CLICK HERE show products Medical Disposable CLICK HERE show products Skin Care Products CLICK HERE show products","og_url":"https:\/\/eskadiag.com\/hu\/","og_site_name":"Eska Diagnostics","article_modified_time":"2025-11-12T13:33:47+00:00","og_image":[{"url":"https:\/\/eskadiag.com\/wp-content\/uploads\/2024\/04\/Medical-Products.svg"}],"twitter_card":"summary_large_image","twitter_misc":{"Becs\u00fclt olvas\u00e1si id\u0151":"1 perc"},"schema":{"@context":"https:\/\/schema.org","@graph":[{"@type":"WebPage","@id":"https:\/\/eskadiag.com\/","url":"https:\/\/eskadiag.com\/","name":"Home - Eska Diagnostics","isPartOf":{"@id":"https:\/\/eskadiag.com\/#website"},"primaryImageOfPage":{"@id":"https:\/\/eskadiag.com\/#primaryimage"},"image":{"@id":"https:\/\/eskadiag.com\/#primaryimage"},"thumbnailUrl":"https:\/\/eskadiag.com\/wp-content\/uploads\/2024\/04\/Medical-Products.svg","datePublished":"2024-04-24T07:34:19+00:00","dateModified":"2025-11-12T13:33:47+00:00","breadcrumb":{"@id":"https:\/\/eskadiag.com\/#breadcrumb"},"inLanguage":"hu","potentialAction":[{"@type":"ReadAction","target":["https:\/\/eskadiag.com\/"]}]},{"@type":"ImageObject","inLanguage":"hu","@id":"https:\/\/eskadiag.com\/#primaryimage","url":"https:\/\/eskadiag.com\/wp-content\/uploads\/2024\/04\/Medical-Products.svg","contentUrl":"https:\/\/eskadiag.com\/wp-content\/uploads\/2024\/04\/Medical-Products.svg"},{"@type":"BreadcrumbList","@id":"https:\/\/eskadiag.com\/#breadcrumb","itemListElement":[{"@type":"ListItem","position":1,"name":"Home","item":"https:\/\/eskadiag.com\/"},{"@type":"ListItem","position":2,"name":"Home"}]},{"@type":"WebSite","@id":"https:\/\/eskadiag.com\/#website","url":"https:\/\/eskadiag.com\/","name":"Eska Diagnostics","description":"","publisher":{"@id":"https:\/\/eskadiag.com\/#organization"},"potentialAction":[{"@type":"SearchAction","target":{"@type":"EntryPoint","urlTemplate":"https:\/\/eskadiag.com\/?s={search_term_string}"},"query-input":"required name=search_term_string"}],"inLanguage":"hu"},{"@type":"Organization","@id":"https:\/\/eskadiag.com\/#organization","name":"Eska Diagnostics","url":"https:\/\/eskadiag.com\/","logo":{"@type":"ImageObject","inLanguage":"hu","@id":"https:\/\/eskadiag.com\/#\/schema\/logo\/image\/","url":"https:\/\/eskadiag.com\/wp-content\/uploads\/2024\/04\/logo-new.png","contentUrl":"https:\/\/eskadiag.com\/wp-content\/uploads\/2024\/04\/logo-new.png","width":1080,"height":353,"caption":"Eska Diagnostics"},"image":{"@id":"https:\/\/eskadiag.com\/#\/schema\/logo\/image\/"}}]}},"_links":{"self":[{"href":"https:\/\/eskadiag.com\/hu\/wp-json\/wp\/v2\/pages\/46","targetHints":{"allow":["GET"]}}],"collection":[{"href":"https:\/\/eskadiag.com\/hu\/wp-json\/wp\/v2\/pages"}],"about":[{"href":"https:\/\/eskadiag.com\/hu\/wp-json\/wp\/v2\/types\/page"}],"author":[{"embeddable":true,"href":"https:\/\/eskadiag.com\/hu\/wp-json\/wp\/v2\/users\/2"}],"replies":[{"embeddable":true,"href":"https:\/\/eskadiag.com\/hu\/wp-json\/wp\/v2\/comments?post=46"}],"version-history":[{"count":3,"href":"https:\/\/eskadiag.com\/hu\/wp-json\/wp\/v2\/pages\/46\/revisions"}],"predecessor-version":[{"id":580,"href":"https:\/\/eskadiag.com\/hu\/wp-json\/wp\/v2\/pages\/46\/revisions\/580"}],"wp:attachment":[{"href":"https:\/\/eskadiag.com\/hu\/wp-json\/wp\/v2\/media?parent=46"}],"curies":[{"name":"wp","href":"https:\/\/api.w.org\/{rel}","templated":true}]}}