{"id":372,"date":"2024-04-28T05:28:48","date_gmt":"2024-04-28T05:28:48","guid":{"rendered":"https:\/\/eskadiag.com\/?page_id=372"},"modified":"2024-08-22T05:48:15","modified_gmt":"2024-08-22T05:48:15","slug":"about-us","status":"publish","type":"page","link":"https:\/\/eskadiag.com\/hu\/about-us\/","title":{"rendered":"R\u00f3lunk"},"content":{"rendered":"<div data-elementor-type=\"wp-page\" data-elementor-id=\"372\" class=\"elementor elementor-372\" data-elementor-post-type=\"page\">\n\t\t\t\t<div class=\"elementor-element elementor-element-4623f44 e-flex e-con-boxed e-con e-parent\" data-id=\"4623f44\" data-element_type=\"container\">\n\t\t\t\t\t<div class=\"e-con-inner\">\n\t\t<div class=\"elementor-element elementor-element-ea488ce e-con-full e-flex e-con e-child\" data-id=\"ea488ce\" data-element_type=\"container\">\n\t\t\t\t<div class=\"elementor-element elementor-element-f66d079 elementor-widget elementor-widget-heading\" data-id=\"f66d079\" data-element_type=\"widget\" data-widget_type=\"heading.default\">\n\t\t\t\t<div class=\"elementor-widget-container\">\n\t\t\t<style>\/*! elementor - v3.23.0 - 15-07-2024 *\/\n.elementor-heading-title{padding:0;margin:0;line-height:1}.elementor-widget-heading .elementor-heading-title[class*=elementor-size-]>a{color:inherit;font-size:inherit;line-height:inherit}.elementor-widget-heading .elementor-heading-title.elementor-size-small{font-size:15px}.elementor-widget-heading .elementor-heading-title.elementor-size-medium{font-size:19px}.elementor-widget-heading .elementor-heading-title.elementor-size-large{font-size:29px}.elementor-widget-heading .elementor-heading-title.elementor-size-xl{font-size:39px}.elementor-widget-heading .elementor-heading-title.elementor-size-xxl{font-size:59px}<\/style><h2 class=\"elementor-heading-title elementor-size-default\">R\u00f3lunk<\/h2>\t\t<\/div>\n\t\t\t\t<\/div>\n\t\t\t\t<div class=\"elementor-element elementor-element-1d3fdb2 elementor-widget elementor-widget-text-editor\" data-id=\"1d3fdb2\" data-element_type=\"widget\" data-widget_type=\"text-editor.default\">\n\t\t\t\t<div class=\"elementor-widget-container\">\n\t\t\t<style>\/*! elementor - v3.23.0 - 15-07-2024 *\/\n.elementor-widget-text-editor.elementor-drop-cap-view-stacked .elementor-drop-cap{background-color:#69727d;color:#fff}.elementor-widget-text-editor.elementor-drop-cap-view-framed .elementor-drop-cap{color:#69727d;border:3px solid;background-color:transparent}.elementor-widget-text-editor:not(.elementor-drop-cap-view-default) .elementor-drop-cap{margin-top:8px}.elementor-widget-text-editor:not(.elementor-drop-cap-view-default) .elementor-drop-cap-letter{width:1em;height:1em}.elementor-widget-text-editor .elementor-drop-cap{float:left;text-align:center;line-height:1;font-size:50px}.elementor-widget-text-editor .elementor-drop-cap-letter{display:inline-block}<\/style>\t\t\t\t<p>\u00dcdv\u00f6z\u00f6lj\u00fck az Eska Diagnostics Kft.-n\u00e9l, a megb\u00edzhat\u00f3 magyar besz\u00e1ll\u00edt\u00f3n\u00e1l, amely fejlett orvostechnikai berendez\u00e9seket \u00e9s egyszer haszn\u00e1latos term\u00e9keket k\u00edn\u00e1l 2012 \u00f3ta. Elk\u00f6telezettek vagyunk a betegell\u00e1t\u00e1s fejleszt\u00e9se ir\u00e1nt, olyan vezet\u0151 eg\u00e9szs\u00e9g\u00fcgyi int\u00e9zm\u00e9nyeknek \u00e9s szakembereknek biztos\u00edtva a legmodernebb orvostechnikai term\u00e9keket. \u00dcgyfeleinket els\u0151bbs\u00e9gnek tekintj\u00fck, mivel t\u00f6reksz\u00fcnk az elv\u00e1r\u00e1sok fel\u00fclm\u00fal\u00e1s\u00e1ra \u00e9s az egyenletes \u00e9s pozit\u00edv \u00e9lm\u00e9nyek ny\u00fajt\u00e1s\u00e1ra.<\/p><p>Kiterjedt glob\u00e1lis besz\u00e1ll\u00edt\u00f3i h\u00e1l\u00f3zatunk \u00e9s vezet\u0151 gy\u00e1rt\u00f3kkal kialak\u00edtott partners\u00e9geink r\u00e9v\u00e9n sz\u00e9les term\u00e9kv\u00e1laszt\u00e9kot k\u00edn\u00e1lunk. \u00cdgy b\u00e1rmilyen orvostechnikai rakt\u00e1rk\u00e9szlet ig\u00e9nye eset\u00e9n az ESKA Diagnostics Kft. megtal\u00e1lja az \u00d6n ig\u00e9nyeinek megfelel\u0151 term\u00e9keket.<\/p>\t\t\t\t\t\t<\/div>\n\t\t\t\t<\/div>\n\t\t\t\t<\/div>\n\t\t<div class=\"elementor-element elementor-element-055729b e-con-full e-flex e-con e-child\" data-id=\"055729b\" data-element_type=\"container\" data-settings=\"{&quot;background_background&quot;:&quot;classic&quot;}\">\n\t\t\t\t<div class=\"elementor-element elementor-element-6e4a6f7 elementor-widget elementor-widget-heading\" data-id=\"6e4a6f7\" data-element_type=\"widget\" data-widget_type=\"heading.default\">\n\t\t\t\t<div class=\"elementor-widget-container\">\n\t\t\t<h2 class=\"elementor-heading-title elementor-size-default\">Mi\u00e9rt minket v\u00e1lasszon?<\/h2>\t\t<\/div>\n\t\t\t\t<\/div>\n\t\t\t\t<div class=\"elementor-element elementor-element-c93debe elementor-widget elementor-widget-text-editor\" data-id=\"c93debe\" data-element_type=\"widget\" data-widget_type=\"text-editor.default\">\n\t\t\t\t<div class=\"elementor-widget-container\">\n\t\t\t\t\t\t\tKiemelked\u00fcnk a vezet\u0151 \u00e9s legismertebb m\u00e1rk\u00e1kb\u00f3l sz\u00e1rmaz\u00f3, k\u00fcl\u00f6nf\u00e9le orvostechnikai berendez\u00e9sek, orvosi eszk\u00f6z\u00f6k, egyszer haszn\u00e1latos orvostechnikai term\u00e9kek, fejlett k\u00f6tszerek, seb- \u00e9s \u00e9g\u00e9s\u00e1pol\u00e1si term\u00e9kek piacra dob\u00e1s\u00e1ban \u00e9s terjeszt\u00e9s\u00e9ben.\t\t\t\t\t\t<\/div>\n\t\t\t\t<\/div>\n\t\t\t\t<\/div>\n\t\t\t\t\t<\/div>\n\t\t\t\t<\/div>\n\t\t\t\t<\/div>","protected":false},"excerpt":{"rendered":"<p>About Us Welcome to Eska Diagnostics Kft., a trusted Hungarian supplier of advanced medical equipment and disposable products established in 2012. We\u2019re dedicated to elevating patient care by providing top-tier healthcare facilities and professionals with cutting-edge medical products. Our clients are treated with top priority as we strive to exceed expectations and deliver consistent and [&hellip;]<\/p>","protected":false},"author":2,"featured_media":0,"parent":0,"menu_order":0,"comment_status":"closed","ping_status":"closed","template":"","meta":{"footnotes":""},"class_list":["post-372","page","type-page","status-publish","hentry"],"yoast_head":"<!-- This site is optimized with the Yoast SEO plugin v23.0 - https:\/\/yoast.com\/wordpress\/plugins\/seo\/ -->\n<title>About Us - Eska Diagnostics<\/title>\n<meta name=\"robots\" content=\"index, follow, max-snippet:-1, max-image-preview:large, max-video-preview:-1\" \/>\n<link rel=\"canonical\" href=\"https:\/\/eskadiag.com\/hu\/about-us\/\" \/>\n<meta property=\"og:locale\" content=\"hu_HU\" \/>\n<meta property=\"og:type\" content=\"article\" \/>\n<meta property=\"og:title\" content=\"About Us - Eska Diagnostics\" \/>\n<meta property=\"og:description\" content=\"About Us Welcome to Eska Diagnostics Kft., a trusted Hungarian supplier of advanced medical equipment and disposable products established in 2012. We\u2019re dedicated to elevating patient care by providing top-tier healthcare facilities and professionals with cutting-edge medical products. Our clients are treated with top priority as we strive to exceed expectations and deliver consistent and [&hellip;]\" \/>\n<meta property=\"og:url\" content=\"https:\/\/eskadiag.com\/hu\/about-us\/\" \/>\n<meta property=\"og:site_name\" content=\"Eska Diagnostics\" \/>\n<meta property=\"article:modified_time\" content=\"2024-08-22T05:48:15+00:00\" \/>\n<meta name=\"twitter:card\" content=\"summary_large_image\" \/>\n<meta name=\"twitter:label1\" content=\"Becs\u00fclt olvas\u00e1si id\u0151\" \/>\n\t<meta name=\"twitter:data1\" content=\"1 perc\" \/>\n<script type=\"application\/ld+json\" class=\"yoast-schema-graph\">{\"@context\":\"https:\/\/schema.org\",\"@graph\":[{\"@type\":\"WebPage\",\"@id\":\"https:\/\/eskadiag.com\/about-us\/\",\"url\":\"https:\/\/eskadiag.com\/about-us\/\",\"name\":\"About Us - Eska Diagnostics\",\"isPartOf\":{\"@id\":\"https:\/\/eskadiag.com\/#website\"},\"datePublished\":\"2024-04-28T05:28:48+00:00\",\"dateModified\":\"2024-08-22T05:48:15+00:00\",\"breadcrumb\":{\"@id\":\"https:\/\/eskadiag.com\/about-us\/#breadcrumb\"},\"inLanguage\":\"hu\",\"potentialAction\":[{\"@type\":\"ReadAction\",\"target\":[\"https:\/\/eskadiag.com\/about-us\/\"]}]},{\"@type\":\"BreadcrumbList\",\"@id\":\"https:\/\/eskadiag.com\/about-us\/#breadcrumb\",\"itemListElement\":[{\"@type\":\"ListItem\",\"position\":1,\"name\":\"Home\",\"item\":\"https:\/\/eskadiag.com\/\"},{\"@type\":\"ListItem\",\"position\":2,\"name\":\"About Us\"}]},{\"@type\":\"WebSite\",\"@id\":\"https:\/\/eskadiag.com\/#website\",\"url\":\"https:\/\/eskadiag.com\/\",\"name\":\"Eska Diagnostics\",\"description\":\"\",\"publisher\":{\"@id\":\"https:\/\/eskadiag.com\/#organization\"},\"potentialAction\":[{\"@type\":\"SearchAction\",\"target\":{\"@type\":\"EntryPoint\",\"urlTemplate\":\"https:\/\/eskadiag.com\/?s={search_term_string}\"},\"query-input\":\"required name=search_term_string\"}],\"inLanguage\":\"hu\"},{\"@type\":\"Organization\",\"@id\":\"https:\/\/eskadiag.com\/#organization\",\"name\":\"Eska Diagnostics\",\"url\":\"https:\/\/eskadiag.com\/\",\"logo\":{\"@type\":\"ImageObject\",\"inLanguage\":\"hu\",\"@id\":\"https:\/\/eskadiag.com\/#\/schema\/logo\/image\/\",\"url\":\"https:\/\/eskadiag.com\/wp-content\/uploads\/2024\/04\/logo-new.png\",\"contentUrl\":\"https:\/\/eskadiag.com\/wp-content\/uploads\/2024\/04\/logo-new.png\",\"width\":1080,\"height\":353,\"caption\":\"Eska Diagnostics\"},\"image\":{\"@id\":\"https:\/\/eskadiag.com\/#\/schema\/logo\/image\/\"}}]}<\/script>\n<!-- \/ Yoast SEO plugin. -->","yoast_head_json":{"title":"About Us - Eska Diagnostics","robots":{"index":"index","follow":"follow","max-snippet":"max-snippet:-1","max-image-preview":"max-image-preview:large","max-video-preview":"max-video-preview:-1"},"canonical":"https:\/\/eskadiag.com\/hu\/about-us\/","og_locale":"hu_HU","og_type":"article","og_title":"About Us - Eska Diagnostics","og_description":"About Us Welcome to Eska Diagnostics Kft., a trusted Hungarian supplier of advanced medical equipment and disposable products established in 2012. We\u2019re dedicated to elevating patient care by providing top-tier healthcare facilities and professionals with cutting-edge medical products. Our clients are treated with top priority as we strive to exceed expectations and deliver consistent and [&hellip;]","og_url":"https:\/\/eskadiag.com\/hu\/about-us\/","og_site_name":"Eska Diagnostics","article_modified_time":"2024-08-22T05:48:15+00:00","twitter_card":"summary_large_image","twitter_misc":{"Becs\u00fclt olvas\u00e1si id\u0151":"1 perc"},"schema":{"@context":"https:\/\/schema.org","@graph":[{"@type":"WebPage","@id":"https:\/\/eskadiag.com\/about-us\/","url":"https:\/\/eskadiag.com\/about-us\/","name":"About Us - Eska Diagnostics","isPartOf":{"@id":"https:\/\/eskadiag.com\/#website"},"datePublished":"2024-04-28T05:28:48+00:00","dateModified":"2024-08-22T05:48:15+00:00","breadcrumb":{"@id":"https:\/\/eskadiag.com\/about-us\/#breadcrumb"},"inLanguage":"hu","potentialAction":[{"@type":"ReadAction","target":["https:\/\/eskadiag.com\/about-us\/"]}]},{"@type":"BreadcrumbList","@id":"https:\/\/eskadiag.com\/about-us\/#breadcrumb","itemListElement":[{"@type":"ListItem","position":1,"name":"Home","item":"https:\/\/eskadiag.com\/"},{"@type":"ListItem","position":2,"name":"About Us"}]},{"@type":"WebSite","@id":"https:\/\/eskadiag.com\/#website","url":"https:\/\/eskadiag.com\/","name":"Eska Diagnostics","description":"","publisher":{"@id":"https:\/\/eskadiag.com\/#organization"},"potentialAction":[{"@type":"SearchAction","target":{"@type":"EntryPoint","urlTemplate":"https:\/\/eskadiag.com\/?s={search_term_string}"},"query-input":"required name=search_term_string"}],"inLanguage":"hu"},{"@type":"Organization","@id":"https:\/\/eskadiag.com\/#organization","name":"Eska Diagnostics","url":"https:\/\/eskadiag.com\/","logo":{"@type":"ImageObject","inLanguage":"hu","@id":"https:\/\/eskadiag.com\/#\/schema\/logo\/image\/","url":"https:\/\/eskadiag.com\/wp-content\/uploads\/2024\/04\/logo-new.png","contentUrl":"https:\/\/eskadiag.com\/wp-content\/uploads\/2024\/04\/logo-new.png","width":1080,"height":353,"caption":"Eska Diagnostics"},"image":{"@id":"https:\/\/eskadiag.com\/#\/schema\/logo\/image\/"}}]}},"_links":{"self":[{"href":"https:\/\/eskadiag.com\/hu\/wp-json\/wp\/v2\/pages\/372","targetHints":{"allow":["GET"]}}],"collection":[{"href":"https:\/\/eskadiag.com\/hu\/wp-json\/wp\/v2\/pages"}],"about":[{"href":"https:\/\/eskadiag.com\/hu\/wp-json\/wp\/v2\/types\/page"}],"author":[{"embeddable":true,"href":"https:\/\/eskadiag.com\/hu\/wp-json\/wp\/v2\/users\/2"}],"replies":[{"embeddable":true,"href":"https:\/\/eskadiag.com\/hu\/wp-json\/wp\/v2\/comments?post=372"}],"version-history":[{"count":1,"href":"https:\/\/eskadiag.com\/hu\/wp-json\/wp\/v2\/pages\/372\/revisions"}],"predecessor-version":[{"id":569,"href":"https:\/\/eskadiag.com\/hu\/wp-json\/wp\/v2\/pages\/372\/revisions\/569"}],"wp:attachment":[{"href":"https:\/\/eskadiag.com\/hu\/wp-json\/wp\/v2\/media?parent=372"}],"curies":[{"name":"wp","href":"https:\/\/api.w.org\/{rel}","templated":true}]}}